{"id":4733,"date":"2024-11-26T11:29:26","date_gmt":"2024-11-26T10:29:26","guid":{"rendered":"https:\/\/nesputanavina.hr\/shop\/cirelli-vino-rosso\/"},"modified":"2026-03-27T20:58:18","modified_gmt":"2026-03-27T19:58:18","slug":"cirelli-vino-rosso","status":"publish","type":"product","link":"https:\/\/nesputanavina.hr\/en\/shop\/cirelli-vino-rosso\/","title":{"rendered":"Vino Rosso 2021"},"content":{"rendered":"<p>Talijanski klasik iz prekrasne Abruzzo regije! So\u010dno, uravnote\u017eeno i osvje\u017eavaju\u0107e crveno vino. Srednjeg tijela s notama tre\u0161nje i jagode na nosu, oboga\u0107ene suptilnim za\u010dinskim i herbalnim tonovima. Odli\u010dan izbor za \u0161pageti Bolognese ve\u010der.<\/p>\n","protected":false},"excerpt":{"rendered":"<p>Talijanski klasik iz prekrasne Abruzzo regije! So\u010dno, uravnote\u017eeno i osvje\u017eavaju\u0107e crveno vino. Srednjeg tijela s notama tre\u0161nje i jagode na nosu, oboga\u0107ene suptilnim za\u010dinskim i herbalnim tonovima. Odli\u010dan izbor za \u0161pageti Bolognese ve\u010der.<\/p>\n","protected":false},"featured_media":4866,"template":"","meta":{"_acf_changed":false,"_et_pb_use_builder":"","_et_pb_old_content":"","_et_gb_content_width":"","inline_featured_image":false},"product_brand":[],"product_cat":[122],"product_tag":[],"class_list":{"0":"post-4733","1":"product","2":"type-product","3":"status-publish","4":"has-post-thumbnail","6":"product_cat-aktivno","7":"pa_stil-vina-lagana-i-svjeza","8":"pa_tip-vina-crvena","9":"pa_uzgoj-organski","10":"pa_volumen-boce-750ml","12":"first","13":"instock","14":"taxable","15":"shipping-taxable","16":"purchasable","17":"product-type-simple"},"acf":[],"_links":{"self":[{"href":"https:\/\/nesputanavina.hr\/en\/wp-json\/wp\/v2\/product\/4733","targetHints":{"allow":["GET"]}}],"collection":[{"href":"https:\/\/nesputanavina.hr\/en\/wp-json\/wp\/v2\/product"}],"about":[{"href":"https:\/\/nesputanavina.hr\/en\/wp-json\/wp\/v2\/types\/product"}],"wp:featuredmedia":[{"embeddable":true,"href":"https:\/\/nesputanavina.hr\/en\/wp-json\/wp\/v2\/media\/4866"}],"wp:attachment":[{"href":"https:\/\/nesputanavina.hr\/en\/wp-json\/wp\/v2\/media?parent=4733"}],"wp:term":[{"taxonomy":"product_brand","embeddable":true,"href":"https:\/\/nesputanavina.hr\/en\/wp-json\/wp\/v2\/product_brand?post=4733"},{"taxonomy":"product_cat","embeddable":true,"href":"https:\/\/nesputanavina.hr\/en\/wp-json\/wp\/v2\/product_cat?post=4733"},{"taxonomy":"product_tag","embeddable":true,"href":"https:\/\/nesputanavina.hr\/en\/wp-json\/wp\/v2\/product_tag?post=4733"}],"curies":[{"name":"wp","href":"https:\/\/api.w.org\/{rel}","templated":true}]}}