{"id":4734,"date":"2024-11-26T11:29:26","date_gmt":"2024-11-26T10:29:26","guid":{"rendered":"https:\/\/nesputanavina.hr\/shop\/microbio-nieva-york\/"},"modified":"2026-04-14T11:33:46","modified_gmt":"2026-04-14T09:33:46","slug":"microbio-nieva-york","status":"publish","type":"product","link":"https:\/\/nesputanavina.hr\/en\/shop\/microbio-nieva-york\/","title":{"rendered":"Nieva York 2022"},"content":{"rendered":"<div class=\"flex max-w-full flex-col flex-grow\">\n<div class=\"min-h-8 text-message flex w-full flex-col items-end gap-2 whitespace-normal break-words [.text-message+&amp;]:mt-5\" dir=\"auto\" data-message-author-role=\"assistant\" data-message-id=\"dc26cbff-e611-4b21-ac25-96e72d71e97a\" data-message-model-slug=\"gpt-4o-mini\">\n<div class=\"flex w-full flex-col gap-1 empty:hidden first:pt-[3px]\">\n<div class=\"markdown prose w-full break-words dark:prose-invert light\">\n<p>Nieva York je veseli i svje\u017ei pet-nat; blago pjenu\u0161avo vino\u00a0iz regije Castile y Leon, u \u0160panjolskoj. Napravljen od sorte verdejo, ovo vino donosi svje\u017einu i lagane, nje\u017ene aromatske i citrusne note.<\/p>\n<\/div>\n<\/div>\n<\/div>\n<\/div>\n","protected":false},"excerpt":{"rendered":"<p>Nieva York je veseli i svje\u017ei pet-nat; blago pjenu\u0161avo vino\u00a0iz regije Castile y Leon, u \u0160panjolskoj. Napravljen od sorte verdejo, ovo vino donosi svje\u017einu i lagane, nje\u017ene aromatske i citrusne note.<\/p>\n","protected":false},"featured_media":4773,"template":"","meta":{"_acf_changed":false,"_et_pb_use_builder":"","_et_pb_old_content":"","_et_gb_content_width":"","inline_featured_image":false},"product_brand":[],"product_cat":[92],"product_tag":[],"class_list":{"0":"post-4734","1":"product","2":"type-product","3":"status-publish","4":"has-post-thumbnail","6":"product_cat-hiddenproducts","7":"pa_stil-vina-lagana-i-svjeza","8":"pa_tip-vina-pjenusavo-pet-nat","9":"pa_uzgoj-organski","10":"pa_volumen-boce-750ml","12":"first","13":"outofstock","14":"taxable","15":"shipping-taxable","16":"purchasable","17":"product-type-simple"},"acf":[],"_links":{"self":[{"href":"https:\/\/nesputanavina.hr\/en\/wp-json\/wp\/v2\/product\/4734","targetHints":{"allow":["GET"]}}],"collection":[{"href":"https:\/\/nesputanavina.hr\/en\/wp-json\/wp\/v2\/product"}],"about":[{"href":"https:\/\/nesputanavina.hr\/en\/wp-json\/wp\/v2\/types\/product"}],"wp:featuredmedia":[{"embeddable":true,"href":"https:\/\/nesputanavina.hr\/en\/wp-json\/wp\/v2\/media\/4773"}],"wp:attachment":[{"href":"https:\/\/nesputanavina.hr\/en\/wp-json\/wp\/v2\/media?parent=4734"}],"wp:term":[{"taxonomy":"product_brand","embeddable":true,"href":"https:\/\/nesputanavina.hr\/en\/wp-json\/wp\/v2\/product_brand?post=4734"},{"taxonomy":"product_cat","embeddable":true,"href":"https:\/\/nesputanavina.hr\/en\/wp-json\/wp\/v2\/product_cat?post=4734"},{"taxonomy":"product_tag","embeddable":true,"href":"https:\/\/nesputanavina.hr\/en\/wp-json\/wp\/v2\/product_tag?post=4734"}],"curies":[{"name":"wp","href":"https:\/\/api.w.org\/{rel}","templated":true}]}}