{"id":4737,"date":"2024-11-26T11:29:27","date_gmt":"2024-11-26T10:29:27","guid":{"rendered":"https:\/\/nesputanavina.hr\/shop\/gut-oggau-emmeram\/"},"modified":"2026-03-27T20:58:22","modified_gmt":"2026-03-27T19:58:22","slug":"gut-oggau-emmeram","status":"publish","type":"product","link":"https:\/\/nesputanavina.hr\/en\/shop\/gut-oggau-emmeram\/","title":{"rendered":"Emmeram 2022"},"content":{"rendered":"<p>Gut Oggau Emmeram je profinjen Gew\u00fcrztraminer, \u010dija posebnost le\u017ei u gro\u017e\u0111u s loza starih gotovo 40 godina, \u0161to mu donosi izniman intenzitet i karakter. Prije pre\u0161anja, gro\u017e\u0111e se kratko macerira na ko\u017eicama, dovoljno da zadr\u017ei eleganciju, izra\u017eajnu aromati\u010dnost i svje\u017einu. Fermentacija se odvija spontano u neutralnim ba\u010dvama od 500 litara, a vino potom odle\u017eava godinu dana bez mije\u0161anja taloga (batonnage) i bez dodatka sumpora. Emmeram je najegzoti\u010dniji i naj\u017eivopisniji \u010dlan ove vinske obitelji \u2013 vino bogatog karaktera, savr\u0161eno za ljubitelje vo\u0107nih i autenti\u010dnih vina.<\/p>\n","protected":false},"excerpt":{"rendered":"<p>Gut Oggau Emmeram je profinjen Gew\u00fcrztraminer, \u010dija posebnost le\u017ei u gro\u017e\u0111u s loza starih gotovo 40 godina, \u0161to mu donosi izniman intenzitet i karakter. Prije pre\u0161anja, gro\u017e\u0111e se kratko macerira na ko\u017eicama, dovoljno da zadr\u017ei eleganciju, izra\u017eajnu aromati\u010dnost i svje\u017einu. Fermentacija se odvija spontano u neutralnim ba\u010dvama od 500 litara, a vino potom odle\u017eava godinu [&hellip;]<\/p>\n","protected":false},"featured_media":4761,"template":"","meta":{"_acf_changed":false,"_et_pb_use_builder":"","_et_pb_old_content":"","_et_gb_content_width":"","inline_featured_image":false},"product_brand":[],"product_cat":[122],"product_tag":[],"class_list":{"0":"post-4737","1":"product","2":"type-product","3":"status-publish","4":"has-post-thumbnail","6":"product_cat-aktivno","7":"pa_nesputani-izbor-rariteti","8":"pa_stil-vina-mineralna-i-elegantna","9":"pa_tip-vina-bijela","10":"pa_uzgoj-biodinamicki","11":"pa_volumen-boce-750ml","13":"first","14":"instock","15":"taxable","16":"shipping-taxable","17":"purchasable","18":"product-type-simple"},"acf":[],"_links":{"self":[{"href":"https:\/\/nesputanavina.hr\/en\/wp-json\/wp\/v2\/product\/4737","targetHints":{"allow":["GET"]}}],"collection":[{"href":"https:\/\/nesputanavina.hr\/en\/wp-json\/wp\/v2\/product"}],"about":[{"href":"https:\/\/nesputanavina.hr\/en\/wp-json\/wp\/v2\/types\/product"}],"wp:featuredmedia":[{"embeddable":true,"href":"https:\/\/nesputanavina.hr\/en\/wp-json\/wp\/v2\/media\/4761"}],"wp:attachment":[{"href":"https:\/\/nesputanavina.hr\/en\/wp-json\/wp\/v2\/media?parent=4737"}],"wp:term":[{"taxonomy":"product_brand","embeddable":true,"href":"https:\/\/nesputanavina.hr\/en\/wp-json\/wp\/v2\/product_brand?post=4737"},{"taxonomy":"product_cat","embeddable":true,"href":"https:\/\/nesputanavina.hr\/en\/wp-json\/wp\/v2\/product_cat?post=4737"},{"taxonomy":"product_tag","embeddable":true,"href":"https:\/\/nesputanavina.hr\/en\/wp-json\/wp\/v2\/product_tag?post=4737"}],"curies":[{"name":"wp","href":"https:\/\/api.w.org\/{rel}","templated":true}]}}