{"id":4738,"date":"2024-11-26T11:29:27","date_gmt":"2024-11-26T10:29:27","guid":{"rendered":"https:\/\/nesputanavina.hr\/shop\/gut-oggau-joschuari\/"},"modified":"2026-03-27T20:58:19","modified_gmt":"2026-03-27T19:58:19","slug":"gut-oggau-joschuari","status":"publish","type":"product","link":"https:\/\/nesputanavina.hr\/en\/shop\/gut-oggau-joschuari\/","title":{"rendered":"Joschuari 2020"},"content":{"rendered":"<p>Gut Oggau Joschuari 2020 je izvanredna frankovka iz Burgenlanda, proizvedena od gro\u017e\u0111a s posebnog vinogradskog polo\u017eaja na vapnena\u010dkom tlu. Vino je srednje tijela s bogatim okusima tamnog bobi\u010dastog vo\u0107a, za\u010dina i fantasti\u010dne mineralnosti. \u00a0Fermentira u neutralnim hrastovim ba\u010dvama te odle\u017eava godinu dana bez bistrenja, filtracije i dodatka sulfita, zadr\u017eavaju\u0107i autenti\u010dan karakter. Ovo je elegantno i strukturirano vino, idealno za ljubitelje prirodnih vina\u200b.<\/p>\n","protected":false},"excerpt":{"rendered":"<p>Gut Oggau Joschuari 2020 je izvanredna frankovka iz Burgenlanda, proizvedena od gro\u017e\u0111a s posebnog vinogradskog polo\u017eaja na vapnena\u010dkom tlu. Vino je srednje tijela s bogatim okusima tamnog bobi\u010dastog vo\u0107a, za\u010dina i fantasti\u010dne mineralnosti. \u00a0Fermentira u neutralnim hrastovim ba\u010dvama te odle\u017eava godinu dana bez bistrenja, filtracije i dodatka sulfita, zadr\u017eavaju\u0107i autenti\u010dan karakter. Ovo je elegantno i [&hellip;]<\/p>\n","protected":false},"featured_media":4764,"template":"","meta":{"_acf_changed":false,"_et_pb_use_builder":"","_et_pb_old_content":"","_et_gb_content_width":"","inline_featured_image":false},"product_brand":[],"product_cat":[122],"product_tag":[],"class_list":{"0":"post-4738","1":"product","2":"type-product","3":"status-publish","4":"has-post-thumbnail","6":"product_cat-aktivno","7":"pa_stil-vina-mineralna-i-elegantna","8":"pa_tip-vina-crvena","9":"pa_uzgoj-biodinamicki","10":"pa_volumen-boce-750ml","12":"first","13":"instock","14":"taxable","15":"shipping-taxable","16":"purchasable","17":"product-type-simple"},"acf":[],"_links":{"self":[{"href":"https:\/\/nesputanavina.hr\/en\/wp-json\/wp\/v2\/product\/4738","targetHints":{"allow":["GET"]}}],"collection":[{"href":"https:\/\/nesputanavina.hr\/en\/wp-json\/wp\/v2\/product"}],"about":[{"href":"https:\/\/nesputanavina.hr\/en\/wp-json\/wp\/v2\/types\/product"}],"wp:featuredmedia":[{"embeddable":true,"href":"https:\/\/nesputanavina.hr\/en\/wp-json\/wp\/v2\/media\/4764"}],"wp:attachment":[{"href":"https:\/\/nesputanavina.hr\/en\/wp-json\/wp\/v2\/media?parent=4738"}],"wp:term":[{"taxonomy":"product_brand","embeddable":true,"href":"https:\/\/nesputanavina.hr\/en\/wp-json\/wp\/v2\/product_brand?post=4738"},{"taxonomy":"product_cat","embeddable":true,"href":"https:\/\/nesputanavina.hr\/en\/wp-json\/wp\/v2\/product_cat?post=4738"},{"taxonomy":"product_tag","embeddable":true,"href":"https:\/\/nesputanavina.hr\/en\/wp-json\/wp\/v2\/product_tag?post=4738"}],"curies":[{"name":"wp","href":"https:\/\/api.w.org\/{rel}","templated":true}]}}