{"id":4741,"date":"2024-11-26T11:29:27","date_gmt":"2024-11-26T10:29:27","guid":{"rendered":"https:\/\/nesputanavina.hr\/shop\/jean-bourdy-chateau-chalon\/"},"modified":"2026-04-14T11:33:26","modified_gmt":"2026-04-14T09:33:26","slug":"jean-bourdy-chateau-chalon","status":"publish","type":"product","link":"https:\/\/nesputanavina.hr\/en\/shop\/jean-bourdy-chateau-chalon\/","title":{"rendered":"Chateau Chalon 2014"},"content":{"rendered":"<p>Jean Bourdy Ch\u00e2teau-Chalon 2014 je izvanredno vino iz regije Jura, proizvedeno od lokalne sorte savagnin. Vino je napravljeno u tradicionalnom oksidativnom stilu, \u0161to zna\u010di da odle\u017eava pod slojem kvasaca (flor), sli\u010dnom procesu proizvodnje sherry vina. Ovaj na\u010din proizvodnje daje vinu karakteristi\u010dnu ora\u0161astu, za\u010dinjenu i bogatu aromu. Vino ima pun, kompleksan okus s notama oraha, meda, su\u0161enog vo\u0107a i za\u010dina. Na nepcu je punog tijela s dugotrajnim, oksidativnim zavr\u0161etkom. Savr\u0161eno se sla\u017ee s tvrdim i odle\u017eanim sirevima,\u00a0kao i s jelima od piletine i gljiva. Vino se mo\u017ee \u010duvati i razvijati s vremenom, \u0161to mu daje potencijal za daljnje starenje\u200b.<\/p>\n<div class=\"relative inline-flex items-center\"><\/div>\n","protected":false},"excerpt":{"rendered":"<p>Jean Bourdy Ch\u00e2teau-Chalon 2014 je izvanredno vino iz regije Jura, proizvedeno od lokalne sorte savagnin. Vino je napravljeno u tradicionalnom oksidativnom stilu, \u0161to zna\u010di da odle\u017eava pod slojem kvasaca (flor), sli\u010dnom procesu proizvodnje sherry vina. Ovaj na\u010din proizvodnje daje vinu karakteristi\u010dnu ora\u0161astu, za\u010dinjenu i bogatu aromu. Vino ima pun, kompleksan okus s notama oraha, meda, [&hellip;]<\/p>\n","protected":false},"featured_media":4770,"template":"","meta":{"_acf_changed":false,"_et_pb_use_builder":"","_et_pb_old_content":"","_et_gb_content_width":"","inline_featured_image":false},"product_brand":[],"product_cat":[122],"product_tag":[],"class_list":{"0":"post-4741","1":"product","2":"type-product","3":"status-publish","4":"has-post-thumbnail","6":"product_cat-aktivno","7":"pa_nesputani-izbor-rariteti","8":"pa_stil-vina-bogata-i-slojevita","9":"pa_tip-vina-bijela","10":"pa_uzgoj-biodinamicki","11":"pa_volumen-boce-750ml","13":"first","14":"instock","15":"taxable","16":"shipping-taxable","17":"purchasable","18":"product-type-simple"},"acf":[],"_links":{"self":[{"href":"https:\/\/nesputanavina.hr\/en\/wp-json\/wp\/v2\/product\/4741","targetHints":{"allow":["GET"]}}],"collection":[{"href":"https:\/\/nesputanavina.hr\/en\/wp-json\/wp\/v2\/product"}],"about":[{"href":"https:\/\/nesputanavina.hr\/en\/wp-json\/wp\/v2\/types\/product"}],"wp:featuredmedia":[{"embeddable":true,"href":"https:\/\/nesputanavina.hr\/en\/wp-json\/wp\/v2\/media\/4770"}],"wp:attachment":[{"href":"https:\/\/nesputanavina.hr\/en\/wp-json\/wp\/v2\/media?parent=4741"}],"wp:term":[{"taxonomy":"product_brand","embeddable":true,"href":"https:\/\/nesputanavina.hr\/en\/wp-json\/wp\/v2\/product_brand?post=4741"},{"taxonomy":"product_cat","embeddable":true,"href":"https:\/\/nesputanavina.hr\/en\/wp-json\/wp\/v2\/product_cat?post=4741"},{"taxonomy":"product_tag","embeddable":true,"href":"https:\/\/nesputanavina.hr\/en\/wp-json\/wp\/v2\/product_tag?post=4741"}],"curies":[{"name":"wp","href":"https:\/\/api.w.org\/{rel}","templated":true}]}}