{"id":4742,"date":"2024-11-26T11:29:27","date_gmt":"2024-11-26T10:29:27","guid":{"rendered":"https:\/\/nesputanavina.hr\/shop\/gut-oggau-mechthild\/"},"modified":"2026-03-27T20:58:19","modified_gmt":"2026-03-27T19:58:19","slug":"gut-oggau-mechthild","status":"publish","type":"product","link":"https:\/\/nesputanavina.hr\/en\/shop\/gut-oggau-mechthild\/","title":{"rendered":"Mechthild 2021"},"content":{"rendered":"<p>Gut Oggau Mechthild 2021 je vrh ponude ove poznate biodinami\u010dke vinarije iz Burgenlanda. Vino je proizvedeno od sorte zeleni veltlinac, a vinifikacija uklju\u010duje fermentaciju na ko\u017eicima u starim drvenim ba\u010dvama, uz daljnje odle\u017eavanje u hrastu. Mechthild se odlikuje dubokim, kompleksnim aromama bijelog vo\u0107a, izra\u017eenom mineralno\u0161\u0107u i harmoni\u010dnom herbalno\u0161\u0107u. Iako posjeduje sna\u017enu strukturu, vino je uravnote\u017eeno i elegantno, s finim zavr\u0161etkom koji ostavlja dojam svje\u017eine.<\/p>\n","protected":false},"excerpt":{"rendered":"<p>Gut Oggau Mechthild 2021 je vrh ponude ove poznate biodinami\u010dke vinarije iz Burgenlanda. Vino je proizvedeno od sorte zeleni veltlinac, a vinifikacija uklju\u010duje fermentaciju na ko\u017eicima u starim drvenim ba\u010dvama, uz daljnje odle\u017eavanje u hrastu. Mechthild se odlikuje dubokim, kompleksnim aromama bijelog vo\u0107a, izra\u017eenom mineralno\u0161\u0107u i harmoni\u010dnom herbalno\u0161\u0107u. Iako posjeduje sna\u017enu strukturu, vino je uravnote\u017eeno [&hellip;]<\/p>\n","protected":false},"featured_media":4772,"template":"","meta":{"_acf_changed":false,"_et_pb_use_builder":"","_et_pb_old_content":"","_et_gb_content_width":"","inline_featured_image":false},"product_brand":[],"product_cat":[122],"product_tag":[],"class_list":{"0":"post-4742","1":"product","2":"type-product","3":"status-publish","4":"has-post-thumbnail","6":"product_cat-aktivno","7":"pa_nesputani-izbor-rariteti","8":"pa_stil-vina-mineralna-i-elegantna","9":"pa_stil-vina-bogata-i-slojevita","10":"pa_tip-vina-bijela-macerirana","11":"pa_uzgoj-biodinamicki","12":"pa_volumen-boce-750ml","14":"first","15":"instock","16":"taxable","17":"shipping-taxable","18":"purchasable","19":"product-type-simple"},"acf":[],"_links":{"self":[{"href":"https:\/\/nesputanavina.hr\/en\/wp-json\/wp\/v2\/product\/4742","targetHints":{"allow":["GET"]}}],"collection":[{"href":"https:\/\/nesputanavina.hr\/en\/wp-json\/wp\/v2\/product"}],"about":[{"href":"https:\/\/nesputanavina.hr\/en\/wp-json\/wp\/v2\/types\/product"}],"wp:featuredmedia":[{"embeddable":true,"href":"https:\/\/nesputanavina.hr\/en\/wp-json\/wp\/v2\/media\/4772"}],"wp:attachment":[{"href":"https:\/\/nesputanavina.hr\/en\/wp-json\/wp\/v2\/media?parent=4742"}],"wp:term":[{"taxonomy":"product_brand","embeddable":true,"href":"https:\/\/nesputanavina.hr\/en\/wp-json\/wp\/v2\/product_brand?post=4742"},{"taxonomy":"product_cat","embeddable":true,"href":"https:\/\/nesputanavina.hr\/en\/wp-json\/wp\/v2\/product_cat?post=4742"},{"taxonomy":"product_tag","embeddable":true,"href":"https:\/\/nesputanavina.hr\/en\/wp-json\/wp\/v2\/product_tag?post=4742"}],"curies":[{"name":"wp","href":"https:\/\/api.w.org\/{rel}","templated":true}]}}