{"id":4743,"date":"2024-11-26T11:29:27","date_gmt":"2024-11-26T10:29:27","guid":{"rendered":"https:\/\/nesputanavina.hr\/shop\/guillot-broux-les-genievrieres\/"},"modified":"2026-03-27T20:58:15","modified_gmt":"2026-03-27T19:58:15","slug":"guillot-broux-les-genievrieres","status":"publish","type":"product","link":"https:\/\/nesputanavina.hr\/en\/shop\/guillot-broux-les-genievrieres\/","title":{"rendered":"Les Genievrieres 2019"},"content":{"rendered":"<p>Bourgogne Pinot Noir Les Geni\u00e9vri\u00e8res 2019 je idealan izbor za sve koji vole klasi\u010dnu Burgundiju. Vino pokazuje profinjene arome crvenih bobica i \u0161ljiva. Na nepcu je srednjeg do punog tijela, s dubinom i \u017eivahnom svje\u017einom, dok fini tanini dodaju strukturu. Zavr\u0161etak je mineralan i elegantno mirisan.<\/p>\n","protected":false},"excerpt":{"rendered":"<p>Bourgogne Pinot Noir Les Geni\u00e9vri\u00e8res 2019 je idealan izbor za sve koji vole klasi\u010dnu Burgundiju. Vino pokazuje profinjene arome crvenih bobica i \u0161ljiva. Na nepcu je srednjeg do punog tijela, s dubinom i \u017eivahnom svje\u017einom, dok fini tanini dodaju strukturu. Zavr\u0161etak je mineralan i elegantno mirisan.<\/p>\n","protected":false},"featured_media":4775,"template":"","meta":{"_acf_changed":false,"_et_pb_use_builder":"","_et_pb_old_content":"","_et_gb_content_width":"","inline_featured_image":false},"product_brand":[],"product_cat":[122],"product_tag":[],"class_list":{"0":"post-4743","1":"product","2":"type-product","3":"status-publish","4":"has-post-thumbnail","6":"product_cat-aktivno","7":"pa_stil-vina-mineralna-i-elegantna","8":"pa_tip-vina-crvena","9":"pa_uzgoj-organski","10":"pa_volumen-boce-750ml","12":"first","13":"outofstock","14":"taxable","15":"shipping-taxable","16":"purchasable","17":"product-type-simple"},"acf":[],"_links":{"self":[{"href":"https:\/\/nesputanavina.hr\/en\/wp-json\/wp\/v2\/product\/4743","targetHints":{"allow":["GET"]}}],"collection":[{"href":"https:\/\/nesputanavina.hr\/en\/wp-json\/wp\/v2\/product"}],"about":[{"href":"https:\/\/nesputanavina.hr\/en\/wp-json\/wp\/v2\/types\/product"}],"wp:featuredmedia":[{"embeddable":true,"href":"https:\/\/nesputanavina.hr\/en\/wp-json\/wp\/v2\/media\/4775"}],"wp:attachment":[{"href":"https:\/\/nesputanavina.hr\/en\/wp-json\/wp\/v2\/media?parent=4743"}],"wp:term":[{"taxonomy":"product_brand","embeddable":true,"href":"https:\/\/nesputanavina.hr\/en\/wp-json\/wp\/v2\/product_brand?post=4743"},{"taxonomy":"product_cat","embeddable":true,"href":"https:\/\/nesputanavina.hr\/en\/wp-json\/wp\/v2\/product_cat?post=4743"},{"taxonomy":"product_tag","embeddable":true,"href":"https:\/\/nesputanavina.hr\/en\/wp-json\/wp\/v2\/product_tag?post=4743"}],"curies":[{"name":"wp","href":"https:\/\/api.w.org\/{rel}","templated":true}]}}