{"id":4982,"date":"2024-12-20T19:56:32","date_gmt":"2024-12-20T18:56:32","guid":{"rendered":"https:\/\/nesputanavina.hr\/shop\/michael-gindl-flora\/"},"modified":"2026-04-14T11:33:25","modified_gmt":"2026-04-14T09:33:25","slug":"michael-gindl-flora","status":"publish","type":"product","link":"https:\/\/nesputanavina.hr\/en\/shop\/michael-gindl-flora\/","title":{"rendered":"Flora 2023"},"content":{"rendered":"<p>Flora je suho i osvje\u017eavaju\u0107e bijelo vino koje dolazi s Gindlovih biodinami\u010dkih vinograda. Kada se gro\u017e\u0111e za Floru bere vinograd je prekriven cvije\u0107em i biljem u cvatu.<span class=\"Apple-converted-space\">\u00a0 <\/span>Tako da naziv vina ne predstavlja samo njen karakter, ve\u0107 istovremeno oslikava i prirodu u kojoj je ono nastalo. Flora je nje\u017ena i na prvu opaja mirisom bazge u punom cvatu. Zatim su tu marelice, kompot od breskve, bijelo cvije\u0107e te divna mineralnost i so\u010dnost koje se preta\u010du po nepcu. Istovremeno lagana, svje\u017ea i kremozna.<span class=\"Apple-converted-space\">\u00a0<\/span><\/p>\n","protected":false},"excerpt":{"rendered":"<p>Flora je suho i osvje\u017eavaju\u0107e bijelo vino koje dolazi s Gindlovih biodinami\u010dkih vinograda. Kada se gro\u017e\u0111e za Floru bere vinograd je prekriven cvije\u0107em i biljem u cvatu.\u00a0 Tako da naziv vina ne predstavlja samo njen karakter, ve\u0107 istovremeno oslikava i prirodu u kojoj je ono nastalo. Flora je nje\u017ena i na prvu opaja mirisom bazge [&hellip;]<\/p>\n","protected":false},"featured_media":5009,"template":"","meta":{"_acf_changed":false,"_et_pb_use_builder":"","_et_pb_old_content":"","_et_gb_content_width":"","inline_featured_image":false},"product_brand":[],"product_cat":[122],"product_tag":[],"class_list":{"0":"post-4982","1":"product","2":"type-product","3":"status-publish","4":"has-post-thumbnail","6":"product_cat-aktivno","7":"pa_nesputani-izbor-laganini-vina","8":"pa_stil-vina-lagana-i-svjeza","9":"pa_tip-vina-bijela","10":"pa_uzgoj-biodinamicki","11":"pa_volumen-boce-750ml","13":"first","14":"outofstock","15":"taxable","16":"shipping-taxable","17":"purchasable","18":"product-type-simple"},"acf":[],"_links":{"self":[{"href":"https:\/\/nesputanavina.hr\/en\/wp-json\/wp\/v2\/product\/4982","targetHints":{"allow":["GET"]}}],"collection":[{"href":"https:\/\/nesputanavina.hr\/en\/wp-json\/wp\/v2\/product"}],"about":[{"href":"https:\/\/nesputanavina.hr\/en\/wp-json\/wp\/v2\/types\/product"}],"wp:featuredmedia":[{"embeddable":true,"href":"https:\/\/nesputanavina.hr\/en\/wp-json\/wp\/v2\/media\/5009"}],"wp:attachment":[{"href":"https:\/\/nesputanavina.hr\/en\/wp-json\/wp\/v2\/media?parent=4982"}],"wp:term":[{"taxonomy":"product_brand","embeddable":true,"href":"https:\/\/nesputanavina.hr\/en\/wp-json\/wp\/v2\/product_brand?post=4982"},{"taxonomy":"product_cat","embeddable":true,"href":"https:\/\/nesputanavina.hr\/en\/wp-json\/wp\/v2\/product_cat?post=4982"},{"taxonomy":"product_tag","embeddable":true,"href":"https:\/\/nesputanavina.hr\/en\/wp-json\/wp\/v2\/product_tag?post=4982"}],"curies":[{"name":"wp","href":"https:\/\/api.w.org\/{rel}","templated":true}]}}