{"id":4983,"date":"2024-12-20T19:56:33","date_gmt":"2024-12-20T18:56:33","guid":{"rendered":"https:\/\/nesputanavina.hr\/shop\/claus-preisinger-fruit-loops-w\/"},"modified":"2026-03-27T20:58:20","modified_gmt":"2026-03-27T19:58:20","slug":"claus-preisinger-fruit-loops-w","status":"publish","type":"product","link":"https:\/\/nesputanavina.hr\/en\/shop\/claus-preisinger-fruit-loops-w\/","title":{"rendered":"Fruitloops White 2022"},"content":{"rendered":"<div class=\"flex max-w-full flex-col flex-grow\">\n<div class=\"min-h-8 text-message flex w-full flex-col items-end gap-2 whitespace-normal break-words text-start [.text-message+&amp;]:mt-5\" dir=\"auto\" data-message-author-role=\"assistant\" data-message-id=\"fa88bb34-2242-4c32-a56c-974fe7c6d1df\" data-message-model-slug=\"gpt-4o-mini\">\n<div class=\"flex w-full flex-col gap-1 empty:hidden first:pt-[3px]\">\n<div class=\"markdown prose w-full break-words dark:prose-invert dark\">\n<p>Fruitloops White 2022, vino iz vinograda Claus Preisingera, napravljeno je od sorti furmint, rizling i scheurebe. Nakon kratke maceracije na ko\u017eicama, vino je odle\u017ealo u amforama, \u0161to mu je omogu\u0107ilo savr\u0161enu ravnote\u017eu i izra\u017eenu mineralnost. Aromatski, vino se isti\u010de cvjetnim i tropskim notama, dok je njegov okus lagan i svje\u017e.<\/p>\n<\/div>\n<\/div>\n<\/div>\n<\/div>\n","protected":false},"excerpt":{"rendered":"<p>Fruitloops White 2022, vino iz vinograda Claus Preisingera, napravljeno je od sorti furmint, rizling i scheurebe. Nakon kratke maceracije na ko\u017eicama, vino je odle\u017ealo u amforama, \u0161to mu je omogu\u0107ilo savr\u0161enu ravnote\u017eu i izra\u017eenu mineralnost. Aromatski, vino se isti\u010de cvjetnim i tropskim notama, dok je njegov okus lagan i svje\u017e.<\/p>\n","protected":false},"featured_media":5112,"template":"","meta":{"_acf_changed":false,"_et_pb_use_builder":"","_et_pb_old_content":"","_et_gb_content_width":"","inline_featured_image":false},"product_brand":[],"product_cat":[122],"product_tag":[],"class_list":{"0":"post-4983","1":"product","2":"type-product","3":"status-publish","4":"has-post-thumbnail","6":"product_cat-aktivno","7":"pa_stil-vina-mineralna-i-elegantna","8":"pa_tip-vina-bijela-macerirana","9":"pa_uzgoj-biodinamicki","10":"pa_volumen-boce-750ml","12":"first","13":"instock","14":"taxable","15":"shipping-taxable","16":"purchasable","17":"product-type-simple"},"acf":[],"_links":{"self":[{"href":"https:\/\/nesputanavina.hr\/en\/wp-json\/wp\/v2\/product\/4983","targetHints":{"allow":["GET"]}}],"collection":[{"href":"https:\/\/nesputanavina.hr\/en\/wp-json\/wp\/v2\/product"}],"about":[{"href":"https:\/\/nesputanavina.hr\/en\/wp-json\/wp\/v2\/types\/product"}],"wp:featuredmedia":[{"embeddable":true,"href":"https:\/\/nesputanavina.hr\/en\/wp-json\/wp\/v2\/media\/5112"}],"wp:attachment":[{"href":"https:\/\/nesputanavina.hr\/en\/wp-json\/wp\/v2\/media?parent=4983"}],"wp:term":[{"taxonomy":"product_brand","embeddable":true,"href":"https:\/\/nesputanavina.hr\/en\/wp-json\/wp\/v2\/product_brand?post=4983"},{"taxonomy":"product_cat","embeddable":true,"href":"https:\/\/nesputanavina.hr\/en\/wp-json\/wp\/v2\/product_cat?post=4983"},{"taxonomy":"product_tag","embeddable":true,"href":"https:\/\/nesputanavina.hr\/en\/wp-json\/wp\/v2\/product_tag?post=4983"}],"curies":[{"name":"wp","href":"https:\/\/api.w.org\/{rel}","templated":true}]}}