{"id":4988,"date":"2024-12-20T19:56:33","date_gmt":"2024-12-20T18:56:33","guid":{"rendered":"https:\/\/nesputanavina.hr\/shop\/radikon-rs\/"},"modified":"2026-04-14T11:33:37","modified_gmt":"2026-04-14T09:33:37","slug":"radikon-rs","status":"publish","type":"product","link":"https:\/\/nesputanavina.hr\/en\/shop\/radikon-rs\/","title":{"rendered":"RS 2020"},"content":{"rendered":"<p>Radikon RS20 je vrhunska kupa\u017ea merlota i pignola, koja nosi potpis Sa\u0161e Radikona. Ovo vino odlikuje se slo\u017eenim aromama tamnog vo\u0107a, za\u010dinskog bilja i minerala, zahvaljuju\u0107i specifi\u010dnom tlu &#8220;ponca&#8221; na kojem raste. Spontana fermentacija, duga maceracija te odle\u017eavanje u velikiim drvenim ba\u010dvama daju mu duboku strukturu i snagu.<\/p>\n","protected":false},"excerpt":{"rendered":"<p>Radikon RS20 je vrhunska kupa\u017ea merlota i pignola, koja nosi potpis Sa\u0161e Radikona. Ovo vino odlikuje se slo\u017eenim aromama tamnog vo\u0107a, za\u010dinskog bilja i minerala, zahvaljuju\u0107i specifi\u010dnom tlu &#8220;ponca&#8221; na kojem raste. Spontana fermentacija, duga maceracija te odle\u017eavanje u velikiim drvenim ba\u010dvama daju mu duboku strukturu i snagu.<\/p>\n","protected":false},"featured_media":5102,"template":"","meta":{"_acf_changed":false,"_et_pb_use_builder":"","_et_pb_old_content":"","_et_gb_content_width":"","inline_featured_image":false},"product_brand":[],"product_cat":[122],"product_tag":[],"class_list":{"0":"post-4988","1":"product","2":"type-product","3":"status-publish","4":"has-post-thumbnail","6":"product_cat-aktivno","7":"pa_stil-vina-bogata-i-slojevita","8":"pa_tip-vina-crvena","9":"pa_uzgoj-organski","10":"pa_volumen-boce-750ml","12":"first","13":"instock","14":"taxable","15":"shipping-taxable","16":"purchasable","17":"product-type-simple"},"acf":[],"_links":{"self":[{"href":"https:\/\/nesputanavina.hr\/en\/wp-json\/wp\/v2\/product\/4988","targetHints":{"allow":["GET"]}}],"collection":[{"href":"https:\/\/nesputanavina.hr\/en\/wp-json\/wp\/v2\/product"}],"about":[{"href":"https:\/\/nesputanavina.hr\/en\/wp-json\/wp\/v2\/types\/product"}],"wp:featuredmedia":[{"embeddable":true,"href":"https:\/\/nesputanavina.hr\/en\/wp-json\/wp\/v2\/media\/5102"}],"wp:attachment":[{"href":"https:\/\/nesputanavina.hr\/en\/wp-json\/wp\/v2\/media?parent=4988"}],"wp:term":[{"taxonomy":"product_brand","embeddable":true,"href":"https:\/\/nesputanavina.hr\/en\/wp-json\/wp\/v2\/product_brand?post=4988"},{"taxonomy":"product_cat","embeddable":true,"href":"https:\/\/nesputanavina.hr\/en\/wp-json\/wp\/v2\/product_cat?post=4988"},{"taxonomy":"product_tag","embeddable":true,"href":"https:\/\/nesputanavina.hr\/en\/wp-json\/wp\/v2\/product_tag?post=4988"}],"curies":[{"name":"wp","href":"https:\/\/api.w.org\/{rel}","templated":true}]}}