{"id":4990,"date":"2024-12-20T19:56:33","date_gmt":"2024-12-20T18:56:33","guid":{"rendered":"https:\/\/nesputanavina.hr\/shop\/dario-princic-ribolla-gialla\/"},"modified":"2026-03-27T20:58:15","modified_gmt":"2026-03-27T19:58:15","slug":"dario-princic-ribolla-gialla","status":"publish","type":"product","link":"https:\/\/nesputanavina.hr\/en\/shop\/dario-princic-ribolla-gialla\/","title":{"rendered":"Ribolla Gialla 2020"},"content":{"rendered":"<p>Ribolla Gialla Daria Prin\u010di\u0107a prirodno je oran\u017e vino proizvedeno od sorte rebule u regiji Friuli Venezia Giulia, Italija. Ovo vino dolazi s 60 godina starih loza uzgajanih po na\u010delima organske poljoprivrede. Gro\u017e\u0111e fermentira na autohtonim kvascima te prolazi 35-dnevnu maceraciju u otvorenim drvenim ba\u010dvama, nakon \u010dega odle\u017eava 30 mjeseci u francuskim hrastovim ba\u010dvama. U aromama vina osjete se note suhog cvije\u0107a, svje\u017eih citrusa, badema, meda i suhog vo\u0107a, dok mu bogata struktura, mineralnost i nje\u017eni tanini pru\u017eaju dug i slo\u017een zavr\u0161etak. Preporu\u010duje se vino otvoriti barem sat vremena prije poslu\u017eivanja i poslu\u017eiti na temperaturi od 15 \u00b0C kako bi se u potpunosti u\u017eivalo u njegovim aromama.<\/p>\n","protected":false},"excerpt":{"rendered":"<p>Ribolla Gialla Daria Prin\u010di\u0107a prirodno je oran\u017e vino proizvedeno od sorte rebule u regiji Friuli Venezia Giulia, Italija. Ovo vino dolazi s 60 godina starih loza uzgajanih po na\u010delima organske poljoprivrede. Gro\u017e\u0111e fermentira na autohtonim kvascima te prolazi 35-dnevnu maceraciju u otvorenim drvenim ba\u010dvama, nakon \u010dega odle\u017eava 30 mjeseci u francuskim hrastovim ba\u010dvama. U aromama [&hellip;]<\/p>\n","protected":false},"featured_media":5054,"template":"","meta":{"_acf_changed":false,"_et_pb_use_builder":"","_et_pb_old_content":"","_et_gb_content_width":"","inline_featured_image":false},"product_brand":[],"product_cat":[122],"product_tag":[],"class_list":{"0":"post-4990","1":"product","2":"type-product","3":"status-publish","4":"has-post-thumbnail","6":"product_cat-aktivno","7":"pa_nesputani-izbor-hrana-za-misli","8":"pa_nesputani-izbor-hrskave-kiseline","9":"pa_stil-vina-bogata-i-slojevita","10":"pa_tip-vina-bijela-macerirana","11":"pa_uzgoj-organski","12":"pa_volumen-boce-750ml","14":"first","15":"instock","16":"taxable","17":"shipping-taxable","18":"purchasable","19":"product-type-simple"},"acf":[],"_links":{"self":[{"href":"https:\/\/nesputanavina.hr\/en\/wp-json\/wp\/v2\/product\/4990","targetHints":{"allow":["GET"]}}],"collection":[{"href":"https:\/\/nesputanavina.hr\/en\/wp-json\/wp\/v2\/product"}],"about":[{"href":"https:\/\/nesputanavina.hr\/en\/wp-json\/wp\/v2\/types\/product"}],"wp:featuredmedia":[{"embeddable":true,"href":"https:\/\/nesputanavina.hr\/en\/wp-json\/wp\/v2\/media\/5054"}],"wp:attachment":[{"href":"https:\/\/nesputanavina.hr\/en\/wp-json\/wp\/v2\/media?parent=4990"}],"wp:term":[{"taxonomy":"product_brand","embeddable":true,"href":"https:\/\/nesputanavina.hr\/en\/wp-json\/wp\/v2\/product_brand?post=4990"},{"taxonomy":"product_cat","embeddable":true,"href":"https:\/\/nesputanavina.hr\/en\/wp-json\/wp\/v2\/product_cat?post=4990"},{"taxonomy":"product_tag","embeddable":true,"href":"https:\/\/nesputanavina.hr\/en\/wp-json\/wp\/v2\/product_tag?post=4990"}],"curies":[{"name":"wp","href":"https:\/\/api.w.org\/{rel}","templated":true}]}}