{"id":4991,"date":"2024-12-20T19:56:33","date_gmt":"2024-12-20T18:56:33","guid":{"rendered":"https:\/\/nesputanavina.hr\/shop\/dario-princic-jakot\/"},"modified":"2026-03-27T20:58:15","modified_gmt":"2026-03-27T19:58:15","slug":"dario-princic-jakot","status":"publish","type":"product","link":"https:\/\/nesputanavina.hr\/en\/shop\/dario-princic-jakot\/","title":{"rendered":"Jakot 2019"},"content":{"rendered":"<p>Dario Prin\u010di\u0107 jedan je od pionira u proizvodnji bijelih vina s dugim maceracijama u Oslaviji, Italiji. Jakot je oran\u017e vino proizvedeno od starih loza sorte Tokaj Friulano, koje prolazi 22-dnevnu maceraciju na ko\u017eicama, uz dulje odle\u017eavanje u drvenim ba\u010dvama. Karakteriziraju ga mirisi bilja, sijena, citrusa, kandiranog vo\u0107a i \u0111umbira, dok izra\u017eena kiselina, \u010dvrsta struktura i nje\u017eni tanini pridonose njegovoj kompleksnosti i dubini. Preporu\u010duje se vino otvoriti barem sat vremena prije poslu\u017eivanja i poslu\u017eiti na temperaturi od 15 \u00b0C kako bi se u potpunosti u\u017eivalo u njegovim aromama.<\/p>\n","protected":false},"excerpt":{"rendered":"<p>Dario Prin\u010di\u0107 jedan je od pionira u proizvodnji bijelih vina s dugim maceracijama u Oslaviji, Italiji. Jakot je oran\u017e vino proizvedeno od starih loza sorte Tokaj Friulano, koje prolazi 22-dnevnu maceraciju na ko\u017eicama, uz dulje odle\u017eavanje u drvenim ba\u010dvama. Karakteriziraju ga mirisi bilja, sijena, citrusa, kandiranog vo\u0107a i \u0111umbira, dok izra\u017eena kiselina, \u010dvrsta struktura i [&hellip;]<\/p>\n","protected":false},"featured_media":5052,"template":"","meta":{"_acf_changed":false,"_et_pb_use_builder":"","_et_pb_old_content":"","_et_gb_content_width":"","inline_featured_image":false},"product_brand":[],"product_cat":[122],"product_tag":[],"class_list":{"0":"post-4991","1":"product","2":"type-product","3":"status-publish","4":"has-post-thumbnail","6":"product_cat-aktivno","7":"pa_nesputani-izbor-hrana-za-misli","8":"pa_nesputani-izbor-rariteti","9":"pa_stil-vina-bogata-i-slojevita","10":"pa_tip-vina-bijela-macerirana","11":"pa_uzgoj-organski","12":"pa_volumen-boce-750ml","14":"first","15":"instock","16":"taxable","17":"shipping-taxable","18":"purchasable","19":"product-type-simple"},"acf":[],"_links":{"self":[{"href":"https:\/\/nesputanavina.hr\/en\/wp-json\/wp\/v2\/product\/4991","targetHints":{"allow":["GET"]}}],"collection":[{"href":"https:\/\/nesputanavina.hr\/en\/wp-json\/wp\/v2\/product"}],"about":[{"href":"https:\/\/nesputanavina.hr\/en\/wp-json\/wp\/v2\/types\/product"}],"wp:featuredmedia":[{"embeddable":true,"href":"https:\/\/nesputanavina.hr\/en\/wp-json\/wp\/v2\/media\/5052"}],"wp:attachment":[{"href":"https:\/\/nesputanavina.hr\/en\/wp-json\/wp\/v2\/media?parent=4991"}],"wp:term":[{"taxonomy":"product_brand","embeddable":true,"href":"https:\/\/nesputanavina.hr\/en\/wp-json\/wp\/v2\/product_brand?post=4991"},{"taxonomy":"product_cat","embeddable":true,"href":"https:\/\/nesputanavina.hr\/en\/wp-json\/wp\/v2\/product_cat?post=4991"},{"taxonomy":"product_tag","embeddable":true,"href":"https:\/\/nesputanavina.hr\/en\/wp-json\/wp\/v2\/product_tag?post=4991"}],"curies":[{"name":"wp","href":"https:\/\/api.w.org\/{rel}","templated":true}]}}