{"id":4995,"date":"2024-12-20T19:56:34","date_gmt":"2024-12-20T18:56:34","guid":{"rendered":"https:\/\/nesputanavina.hr\/shop\/bencze-pinot-noir\/"},"modified":"2026-04-14T11:33:24","modified_gmt":"2026-04-14T09:33:24","slug":"bencze-pinot-noir","status":"publish","type":"product","link":"https:\/\/nesputanavina.hr\/en\/shop\/bencze-pinot-noir\/","title":{"rendered":"Pinot Noir 2021"},"content":{"rendered":"<p>Istvan Bencze je maldi IT-ovac koji se po\u010deo baviti vinarstvom iz hobija da bi danas njegovao 18 ha biodinami\u010dkih vinograda pored Balaton jezera. Njegov pinot crni je odle\u017ean 10 mjeseci u inoxu prije nego je buteljiran s minimalnim unosom sulfita. Svilenkaste je strukture s \u017eivim kiselinama te lijepom aromatikom \u0161ipka, tre\u0161nje i herbalnosti. Preporu\u010dujemo ga piti blago rashla\u0111eno, na temperaturi od 13-16 \u00b0C.<\/p>\n","protected":false},"excerpt":{"rendered":"<p>Istvan Bencze je maldi IT-ovac koji se po\u010deo baviti vinarstvom iz hobija da bi danas njegovao 18 ha biodinami\u010dkih vinograda pored Balaton jezera. Njegov pinot crni je odle\u017ean 10 mjeseci u inoxu prije nego je buteljiran s minimalnim unosom sulfita. Svilenkaste je strukture s \u017eivim kiselinama te lijepom aromatikom \u0161ipka, tre\u0161nje i herbalnosti. Preporu\u010dujemo ga [&hellip;]<\/p>\n","protected":false},"featured_media":5121,"template":"","meta":{"_acf_changed":false,"_et_pb_use_builder":"","_et_pb_old_content":"","_et_gb_content_width":"","inline_featured_image":false},"product_brand":[],"product_cat":[122],"product_tag":[],"class_list":{"0":"post-4995","1":"product","2":"type-product","3":"status-publish","4":"has-post-thumbnail","6":"product_cat-aktivno","7":"pa_nesputani-izbor-laganini-vina","8":"pa_stil-vina-lagana-i-svjeza","9":"pa_tip-vina-crvena","10":"pa_uzgoj-biodinamicki","11":"pa_volumen-boce-750ml","13":"first","14":"instock","15":"taxable","16":"shipping-taxable","17":"purchasable","18":"product-type-simple"},"acf":[],"_links":{"self":[{"href":"https:\/\/nesputanavina.hr\/en\/wp-json\/wp\/v2\/product\/4995","targetHints":{"allow":["GET"]}}],"collection":[{"href":"https:\/\/nesputanavina.hr\/en\/wp-json\/wp\/v2\/product"}],"about":[{"href":"https:\/\/nesputanavina.hr\/en\/wp-json\/wp\/v2\/types\/product"}],"wp:featuredmedia":[{"embeddable":true,"href":"https:\/\/nesputanavina.hr\/en\/wp-json\/wp\/v2\/media\/5121"}],"wp:attachment":[{"href":"https:\/\/nesputanavina.hr\/en\/wp-json\/wp\/v2\/media?parent=4995"}],"wp:term":[{"taxonomy":"product_brand","embeddable":true,"href":"https:\/\/nesputanavina.hr\/en\/wp-json\/wp\/v2\/product_brand?post=4995"},{"taxonomy":"product_cat","embeddable":true,"href":"https:\/\/nesputanavina.hr\/en\/wp-json\/wp\/v2\/product_cat?post=4995"},{"taxonomy":"product_tag","embeddable":true,"href":"https:\/\/nesputanavina.hr\/en\/wp-json\/wp\/v2\/product_tag?post=4995"}],"curies":[{"name":"wp","href":"https:\/\/api.w.org\/{rel}","templated":true}]}}