{"id":4998,"date":"2024-12-20T19:56:34","date_gmt":"2024-12-20T18:56:34","guid":{"rendered":"https:\/\/nesputanavina.hr\/shop\/barrat-masson-fleur-de-craie\/"},"modified":"2026-04-14T11:33:37","modified_gmt":"2026-04-14T09:33:37","slug":"barrat-masson-fleur-de-craie","status":"publish","type":"product","link":"https:\/\/nesputanavina.hr\/en\/shop\/barrat-masson-fleur-de-craie\/","title":{"rendered":"Fleur de Craie Brut Nature 2020"},"content":{"rendered":"<p>Vrhunski \u0161ampanjac iz gradi\u0107a B\u00e9thona uzgojen na glinasto-vapnena\u010dkom tlu, prosje\u010dne starosti vinove loze od 40 godina. Gro\u017e\u0111e je pre\u0161ano na tradicionalnoj drvenoj pre\u0161i, vino nefiltrirano i odle\u017eano na finom talogu kvasaca u tankovima od nehr\u0111aju\u0107eg \u010delika i rabljenih hrastovih ba\u010dvi. \u0160ampanjac bogatog mineralnog karaktera, citrusno-kva\u0161\u010dane aromatike.<\/p>\n","protected":false},"excerpt":{"rendered":"<p>Vrhunski \u0161ampanjac iz gradi\u0107a B\u00e9thona uzgojen na glinasto-vapnena\u010dkom tlu, prosje\u010dne starosti vinove loze od 40 godina. Gro\u017e\u0111e je pre\u0161ano na tradicionalnoj drvenoj pre\u0161i, vino nefiltrirano i odle\u017eano na finom talogu kvasaca u tankovima od nehr\u0111aju\u0107eg \u010delika i rabljenih hrastovih ba\u010dvi. \u0160ampanjac bogatog mineralnog karaktera, citrusno-kva\u0161\u010dane aromatike.<\/p>\n","protected":false},"featured_media":5114,"template":"","meta":{"_acf_changed":false,"_et_pb_use_builder":"","_et_pb_old_content":"","_et_gb_content_width":"","inline_featured_image":false},"product_brand":[],"product_cat":[92],"product_tag":[],"class_list":{"0":"post-4998","1":"product","2":"type-product","3":"status-publish","4":"has-post-thumbnail","6":"product_cat-hiddenproducts","7":"pa_stil-vina-mineralna-i-elegantna","8":"pa_tip-vina-pjenusavo-tradicionalna-metoda","9":"pa_uzgoj-organski","10":"pa_volumen-boce-750ml","12":"first","13":"outofstock","14":"taxable","15":"shipping-taxable","16":"purchasable","17":"product-type-simple"},"acf":[],"_links":{"self":[{"href":"https:\/\/nesputanavina.hr\/en\/wp-json\/wp\/v2\/product\/4998","targetHints":{"allow":["GET"]}}],"collection":[{"href":"https:\/\/nesputanavina.hr\/en\/wp-json\/wp\/v2\/product"}],"about":[{"href":"https:\/\/nesputanavina.hr\/en\/wp-json\/wp\/v2\/types\/product"}],"wp:featuredmedia":[{"embeddable":true,"href":"https:\/\/nesputanavina.hr\/en\/wp-json\/wp\/v2\/media\/5114"}],"wp:attachment":[{"href":"https:\/\/nesputanavina.hr\/en\/wp-json\/wp\/v2\/media?parent=4998"}],"wp:term":[{"taxonomy":"product_brand","embeddable":true,"href":"https:\/\/nesputanavina.hr\/en\/wp-json\/wp\/v2\/product_brand?post=4998"},{"taxonomy":"product_cat","embeddable":true,"href":"https:\/\/nesputanavina.hr\/en\/wp-json\/wp\/v2\/product_cat?post=4998"},{"taxonomy":"product_tag","embeddable":true,"href":"https:\/\/nesputanavina.hr\/en\/wp-json\/wp\/v2\/product_tag?post=4998"}],"curies":[{"name":"wp","href":"https:\/\/api.w.org\/{rel}","templated":true}]}}