{"id":5230,"date":"2025-04-02T20:02:16","date_gmt":"2025-04-02T18:02:16","guid":{"rendered":"https:\/\/nesputanavina.hr\/shop\/m-nestarec-bel\/"},"modified":"2026-04-14T11:33:27","modified_gmt":"2026-04-14T09:33:27","slug":"m-nestarec-bel","status":"publish","type":"product","link":"https:\/\/nesputanavina.hr\/en\/shop\/m-nestarec-bel\/","title":{"rendered":"Bel 2023"},"content":{"rendered":"<p data-pm-slice=\"1 1 []\">Bel je takozvano \u201efarmersko\u201c vino &#8211; nepretenciozna litrenka stvorena za svakodnevno u\u017eivanje. Svje\u017ee, hrskavo i \u010disto vino koje lako klizi i zove na jo\u0161. Citrusni karakter i \u017eiva kiselina \u010dine ga idealnim izborom za uta\u017eiti \u017ee\u0111, podijeliti s ekipom i otvoriti uz ro\u0161tilj ili dobar zalogaj.<\/p>\n","protected":false},"excerpt":{"rendered":"<p>Bel je takozvano \u201efarmersko\u201c vino &#8211; nepretenciozna litrenka stvorena za svakodnevno u\u017eivanje. Svje\u017ee, hrskavo i \u010disto vino koje lako klizi i zove na jo\u0161. Citrusni karakter i \u017eiva kiselina \u010dine ga idealnim izborom za uta\u017eiti \u017ee\u0111, podijeliti s ekipom i otvoriti uz ro\u0161tilj ili dobar zalogaj.<\/p>\n","protected":false},"featured_media":5247,"template":"","meta":{"_acf_changed":false,"_et_pb_use_builder":"","_et_pb_old_content":"","_et_gb_content_width":"","inline_featured_image":false},"product_brand":[],"product_cat":[122],"product_tag":[],"class_list":{"0":"post-5230","1":"product","2":"type-product","3":"status-publish","4":"has-post-thumbnail","6":"product_cat-aktivno","7":"pa_nesputani-izbor-laganini-vina","8":"pa_stil-vina-lagana-i-svjeza","9":"pa_tip-vina-bijela","10":"pa_uzgoj-organski","11":"pa_volumen-boce-750ml","13":"first","14":"outofstock","15":"taxable","16":"shipping-taxable","17":"purchasable","18":"product-type-simple"},"acf":[],"_links":{"self":[{"href":"https:\/\/nesputanavina.hr\/en\/wp-json\/wp\/v2\/product\/5230","targetHints":{"allow":["GET"]}}],"collection":[{"href":"https:\/\/nesputanavina.hr\/en\/wp-json\/wp\/v2\/product"}],"about":[{"href":"https:\/\/nesputanavina.hr\/en\/wp-json\/wp\/v2\/types\/product"}],"wp:featuredmedia":[{"embeddable":true,"href":"https:\/\/nesputanavina.hr\/en\/wp-json\/wp\/v2\/media\/5247"}],"wp:attachment":[{"href":"https:\/\/nesputanavina.hr\/en\/wp-json\/wp\/v2\/media?parent=5230"}],"wp:term":[{"taxonomy":"product_brand","embeddable":true,"href":"https:\/\/nesputanavina.hr\/en\/wp-json\/wp\/v2\/product_brand?post=5230"},{"taxonomy":"product_cat","embeddable":true,"href":"https:\/\/nesputanavina.hr\/en\/wp-json\/wp\/v2\/product_cat?post=5230"},{"taxonomy":"product_tag","embeddable":true,"href":"https:\/\/nesputanavina.hr\/en\/wp-json\/wp\/v2\/product_tag?post=5230"}],"curies":[{"name":"wp","href":"https:\/\/api.w.org\/{rel}","templated":true}]}}