{"id":5250,"date":"2025-04-08T12:05:26","date_gmt":"2025-04-08T10:05:26","guid":{"rendered":"https:\/\/nesputanavina.hr\/shop\/wabi-sabi-aqualeiten-gv\/"},"modified":"2026-03-27T20:58:13","modified_gmt":"2026-03-27T19:58:13","slug":"wabi-sabi-aqualeiten-gv","status":"publish","type":"product","link":"https:\/\/nesputanavina.hr\/en\/shop\/wabi-sabi-aqualeiten-gv\/","title":{"rendered":"A.qu.a.l.ei.t.e.n GV"},"content":{"rendered":"<p>Wabi Sabi Gr\u00fcner iz vinograda Achleiten pokazuje punu osobnost ove iznimne pozicije iznad Dunava, gdje se loza ukorjenjuje u gnajs. Ovaj zeleni veltlinac nije tipi\u010dno vo\u0107an \u2013 fokus je na za\u010dinskom i biljnom aromatskom spektru, uz izra\u017eenu strukturu i \u010dvrsto\u0107u. Snagu crpi iz karaktera, a ne iz alkohola, dok fino pokazuje koliko ova sorta mo\u017ee nadilaziti stereotipe o papru.<\/p>\n","protected":false},"excerpt":{"rendered":"<p>Wabi Sabi Gr\u00fcner iz vinograda Achleiten pokazuje punu osobnost ove iznimne pozicije iznad Dunava, gdje se loza ukorjenjuje u gnajs. Ovaj zeleni veltlinac nije tipi\u010dno vo\u0107an \u2013 fokus je na za\u010dinskom i biljnom aromatskom spektru, uz izra\u017eenu strukturu i \u010dvrsto\u0107u. Snagu crpi iz karaktera, a ne iz alkohola, dok fino pokazuje koliko ova sorta mo\u017ee [&hellip;]<\/p>\n","protected":false},"featured_media":5302,"template":"","meta":{"_acf_changed":false,"_et_pb_use_builder":"","_et_pb_old_content":"","_et_gb_content_width":"","inline_featured_image":false},"product_brand":[],"product_cat":[122],"product_tag":[],"class_list":{"0":"post-5250","1":"product","2":"type-product","3":"status-publish","4":"has-post-thumbnail","6":"product_cat-aktivno","7":"pa_stil-vina-mineralna-i-elegantna","8":"pa_tip-vina-bijela","9":"pa_uzgoj-organski","10":"pa_volumen-boce-750ml","12":"first","13":"instock","14":"taxable","15":"shipping-taxable","16":"purchasable","17":"product-type-simple"},"acf":[],"_links":{"self":[{"href":"https:\/\/nesputanavina.hr\/en\/wp-json\/wp\/v2\/product\/5250","targetHints":{"allow":["GET"]}}],"collection":[{"href":"https:\/\/nesputanavina.hr\/en\/wp-json\/wp\/v2\/product"}],"about":[{"href":"https:\/\/nesputanavina.hr\/en\/wp-json\/wp\/v2\/types\/product"}],"wp:featuredmedia":[{"embeddable":true,"href":"https:\/\/nesputanavina.hr\/en\/wp-json\/wp\/v2\/media\/5302"}],"wp:attachment":[{"href":"https:\/\/nesputanavina.hr\/en\/wp-json\/wp\/v2\/media?parent=5250"}],"wp:term":[{"taxonomy":"product_brand","embeddable":true,"href":"https:\/\/nesputanavina.hr\/en\/wp-json\/wp\/v2\/product_brand?post=5250"},{"taxonomy":"product_cat","embeddable":true,"href":"https:\/\/nesputanavina.hr\/en\/wp-json\/wp\/v2\/product_cat?post=5250"},{"taxonomy":"product_tag","embeddable":true,"href":"https:\/\/nesputanavina.hr\/en\/wp-json\/wp\/v2\/product_tag?post=5250"}],"curies":[{"name":"wp","href":"https:\/\/api.w.org\/{rel}","templated":true}]}}