{"id":6756,"date":"2025-06-04T16:22:04","date_gmt":"2025-06-04T14:22:04","guid":{"rendered":"https:\/\/nesputanavina.hr\/shop\/milos-plavac-2020\/"},"modified":"2026-03-05T15:58:04","modified_gmt":"2026-03-05T14:58:04","slug":"milos-plavac-2020","status":"publish","type":"product","link":"https:\/\/nesputanavina.hr\/en\/shop\/milos-plavac-2020\/","title":{"rendered":"Milo\u0161 Plavac 2020"},"content":{"rendered":"<p>Milo\u0161 Plavac Mali is an authentic red wine from the Pelje\u0161ac Peninsula, organically produced from the indigenous grape variety of the same name. It comes from vineyards located on steep southern slopes near the bay of Prapratno, where the grapes ripen under the sun and on rocky terrain, lending the wine strength and character. On the nose, it reveals layered aromas of dried fruit, especially plums and figs, along with hints of Mediterranean herbs and subtle woody tones. The palate is full-bodied, with pronounced yet ripe tannins, balanced freshness, and a long, elegant finish. Fermentation occurs spontaneously, without added yeasts, and the wine is aged in large Slavonian oak barrels for 2 years, followed by a further 3 years in bottle.    <\/p>\n","protected":false},"excerpt":{"rendered":"<p>Milo\u0161 Plavac Mali is an authentic red wine from the Pelje\u0161ac Peninsula, organically produced from the indigenous grape variety of the same name. It comes from vineyards located on steep southern slopes near the bay of Prapratno, where the grapes ripen under the sun and on rocky terrain, lending the wine strength and character. On [&hellip;]<\/p>\n","protected":false},"featured_media":6674,"template":"","meta":{"_acf_changed":false,"_et_pb_use_builder":"","_et_pb_old_content":"","_et_gb_content_width":"","inline_featured_image":false},"product_brand":[],"product_cat":[134],"product_tag":[],"class_list":{"0":"post-6756","1":"product","2":"type-product","3":"status-publish","4":"has-post-thumbnail","6":"product_cat-uncategorized","7":"pa_stil-vina-rich-and-layered","8":"pa_tip-vina-reds","9":"pa_uzgoj-organic","10":"pa_volumen-boce-075-l","12":"first","13":"outofstock","14":"taxable","15":"shipping-taxable","16":"purchasable","17":"product-type-simple"},"acf":[],"_links":{"self":[{"href":"https:\/\/nesputanavina.hr\/en\/wp-json\/wp\/v2\/product\/6756","targetHints":{"allow":["GET"]}}],"collection":[{"href":"https:\/\/nesputanavina.hr\/en\/wp-json\/wp\/v2\/product"}],"about":[{"href":"https:\/\/nesputanavina.hr\/en\/wp-json\/wp\/v2\/types\/product"}],"wp:featuredmedia":[{"embeddable":true,"href":"https:\/\/nesputanavina.hr\/en\/wp-json\/wp\/v2\/media\/6674"}],"wp:attachment":[{"href":"https:\/\/nesputanavina.hr\/en\/wp-json\/wp\/v2\/media?parent=6756"}],"wp:term":[{"taxonomy":"product_brand","embeddable":true,"href":"https:\/\/nesputanavina.hr\/en\/wp-json\/wp\/v2\/product_brand?post=6756"},{"taxonomy":"product_cat","embeddable":true,"href":"https:\/\/nesputanavina.hr\/en\/wp-json\/wp\/v2\/product_cat?post=6756"},{"taxonomy":"product_tag","embeddable":true,"href":"https:\/\/nesputanavina.hr\/en\/wp-json\/wp\/v2\/product_tag?post=6756"}],"curies":[{"name":"wp","href":"https:\/\/api.w.org\/{rel}","templated":true}]}}