{"id":6770,"date":"2025-04-08T12:05:27","date_gmt":"2025-04-08T10:05:27","guid":{"rendered":"https:\/\/nesputanavina.hr\/shop\/tlz-karmin-no-12\/"},"modified":"2025-04-08T12:05:27","modified_gmt":"2025-04-08T10:05:27","slug":"tlz-karmin-no-12","status":"publish","type":"product","link":"https:\/\/nesputanavina.hr\/en\/shop\/tlz-karmin-no-12\/","title":{"rendered":"TLZ Karmin No. 12"},"content":{"rendered":"<p>TLZ Karmin is Strohmeier\u2019s response to ros\u00e9, and it is definitely not your typical ros\u00e9. Made from the local Blauer Wildbacher grape variety, this wine resembles a light red more than an ordinary ros\u00e9. The grapes are hand-harvested with careful selection of only healthy and fully ripe berries. The wine is gently pressed, spontaneously fermented, and aged for 12 months in used 500-liter wooden barrels. It comes from old vines and exudes wonderful lightness, concentration, and minerality. It is recommended to serve it lightly chilled.     <\/p>\n","protected":false},"excerpt":{"rendered":"<p>TLZ Karmin is Strohmeier\u2019s response to ros\u00e9, and it is definitely not your typical ros\u00e9. Made from the local Blauer Wildbacher grape variety, this wine resembles a light red more than an ordinary ros\u00e9. The grapes are hand-harvested with careful selection of only healthy and fully ripe berries. The wine is gently pressed, spontaneously fermented, [&hellip;]<\/p>\n","protected":false},"featured_media":6459,"template":"","meta":{"_acf_changed":false,"_et_pb_use_builder":"","_et_pb_old_content":"","_et_gb_content_width":"","inline_featured_image":false},"product_brand":[],"product_cat":[141,134],"product_tag":[],"class_list":{"0":"post-6770","1":"product","2":"type-product","3":"status-publish","4":"has-post-thumbnail","6":"product_cat-nesputana-choice","7":"product_cat-uncategorized","8":"pa_stil-vina-mineral-and-elegant","9":"pa_stil-vina-rich-and-layered","10":"pa_tip-vina-rose-en","11":"pa_uzgoj-biodynamic","12":"pa_volumen-boce-075-l","14":"first","15":"instock","16":"taxable","17":"shipping-taxable","18":"purchasable","19":"product-type-simple"},"acf":[],"_links":{"self":[{"href":"https:\/\/nesputanavina.hr\/en\/wp-json\/wp\/v2\/product\/6770","targetHints":{"allow":["GET"]}}],"collection":[{"href":"https:\/\/nesputanavina.hr\/en\/wp-json\/wp\/v2\/product"}],"about":[{"href":"https:\/\/nesputanavina.hr\/en\/wp-json\/wp\/v2\/types\/product"}],"wp:featuredmedia":[{"embeddable":true,"href":"https:\/\/nesputanavina.hr\/en\/wp-json\/wp\/v2\/media\/6459"}],"wp:attachment":[{"href":"https:\/\/nesputanavina.hr\/en\/wp-json\/wp\/v2\/media?parent=6770"}],"wp:term":[{"taxonomy":"product_brand","embeddable":true,"href":"https:\/\/nesputanavina.hr\/en\/wp-json\/wp\/v2\/product_brand?post=6770"},{"taxonomy":"product_cat","embeddable":true,"href":"https:\/\/nesputanavina.hr\/en\/wp-json\/wp\/v2\/product_cat?post=6770"},{"taxonomy":"product_tag","embeddable":true,"href":"https:\/\/nesputanavina.hr\/en\/wp-json\/wp\/v2\/product_tag?post=6770"}],"curies":[{"name":"wp","href":"https:\/\/api.w.org\/{rel}","templated":true}]}}