{"id":6813,"date":"2025-07-03T18:42:08","date_gmt":"2025-07-03T16:42:08","guid":{"rendered":"https:\/\/nesputanavina.hr\/shop\/burja-stranpoti\/"},"modified":"2026-04-14T11:33:35","modified_gmt":"2026-04-14T09:33:35","slug":"burja-stranpoti","status":"publish","type":"product","link":"https:\/\/nesputanavina.hr\/en\/shop\/burja-stranpoti\/","title":{"rendered":"Stranpoti 2022"},"content":{"rendered":"<p data-start=\"62\" data-end=\"230\">Burja Stranpoti 2022 je oran\u017e od malvazije i rebule, s 20 dana maceracije na ko\u017eicama. Vino potom odle\u017eava 24 mjeseca u betonskim jajima. U \u010da\u0161i zlatno-naran\u010daste boje, s aromama ko\u0161tuni\u0107avog vo\u0107a i za\u010dinskog bilja. Na nepcu suho, mineralno, s nje\u017enim taninima i dugim zavr\u0161etkom.<\/p>\n","protected":false},"excerpt":{"rendered":"<p>Burja Stranpoti 2022 je oran\u017e od malvazije i rebule, s 20 dana maceracije na ko\u017eicama. Vino potom odle\u017eava 24 mjeseca u betonskim jajima. U \u010da\u0161i zlatno-naran\u010daste boje, s aromama ko\u0161tuni\u0107avog vo\u0107a i za\u010dinskog bilja. Na nepcu suho, mineralno, s nje\u017enim taninima i dugim zavr\u0161etkom.<\/p>\n","protected":false},"featured_media":6967,"template":"","meta":{"_acf_changed":false,"_et_pb_use_builder":"","_et_pb_old_content":"","_et_gb_content_width":"","inline_featured_image":false},"product_brand":[],"product_cat":[92],"product_tag":[],"class_list":{"0":"post-6813","1":"product","2":"type-product","3":"status-publish","4":"has-post-thumbnail","6":"product_cat-hiddenproducts","7":"pa_tip-vina-bijela-macerirana","8":"pa_uzgoj-biodinamicki","9":"pa_volumen-boce-750ml","11":"first","12":"outofstock","13":"taxable","14":"shipping-taxable","15":"purchasable","16":"product-type-simple"},"acf":[],"_links":{"self":[{"href":"https:\/\/nesputanavina.hr\/en\/wp-json\/wp\/v2\/product\/6813","targetHints":{"allow":["GET"]}}],"collection":[{"href":"https:\/\/nesputanavina.hr\/en\/wp-json\/wp\/v2\/product"}],"about":[{"href":"https:\/\/nesputanavina.hr\/en\/wp-json\/wp\/v2\/types\/product"}],"wp:featuredmedia":[{"embeddable":true,"href":"https:\/\/nesputanavina.hr\/en\/wp-json\/wp\/v2\/media\/6967"}],"wp:attachment":[{"href":"https:\/\/nesputanavina.hr\/en\/wp-json\/wp\/v2\/media?parent=6813"}],"wp:term":[{"taxonomy":"product_brand","embeddable":true,"href":"https:\/\/nesputanavina.hr\/en\/wp-json\/wp\/v2\/product_brand?post=6813"},{"taxonomy":"product_cat","embeddable":true,"href":"https:\/\/nesputanavina.hr\/en\/wp-json\/wp\/v2\/product_cat?post=6813"},{"taxonomy":"product_tag","embeddable":true,"href":"https:\/\/nesputanavina.hr\/en\/wp-json\/wp\/v2\/product_tag?post=6813"}],"curies":[{"name":"wp","href":"https:\/\/api.w.org\/{rel}","templated":true}]}}